{"id":9275,"date":"2024-03-27T18:25:47","date_gmt":"2024-03-27T15:25:47","guid":{"rendered":"https:\/\/weymomobilya.com\/haqqimizda\/"},"modified":"2024-05-28T19:41:47","modified_gmt":"2024-05-28T16:41:47","slug":"haqqimizda","status":"publish","type":"page","link":"https:\/\/weymomobilya.com\/az\/haqqimizda\/","title":{"rendered":"Haqq\u0131m\u0131zda"},"content":{"rendered":"\t\t<div data-elementor-type=\"wp-page\" data-elementor-id=\"9275\" class=\"elementor elementor-9275 elementor-116\" data-elementor-post-type=\"page\">\n\t\t\t\t<div class=\"elementor-element elementor-element-edac447 e-flex e-con-boxed e-con e-parent\" data-id=\"edac447\" data-element_type=\"container\" data-settings=\"{&quot;background_background&quot;:&quot;classic&quot;}\">\n\t\t\t\t\t<div class=\"e-con-inner\">\n\t\t\t\t<div class=\"elementor-element elementor-element-d336372 elementor-widget elementor-widget-heading\" data-id=\"d336372\" data-element_type=\"widget\" data-widget_type=\"heading.default\">\n\t\t\t\t<div class=\"elementor-widget-container\">\n\t\t\t<h1 class=\"elementor-heading-title elementor-size-default\">Haqq\u0131m\u0131zda<\/h1>\t\t<\/div>\n\t\t\t\t<\/div>\n\t\t\t\t\t<\/div>\n\t\t\t\t<\/div>\n\t\t<div class=\"elementor-element elementor-element-31823ba8 e-flex e-con-boxed e-con e-parent\" data-id=\"31823ba8\" data-element_type=\"container\">\n\t\t\t\t\t<div class=\"e-con-inner\">\n\t\t\t\t<div class=\"elementor-element elementor-element-b972345 elementor-widget elementor-widget-heading\" data-id=\"b972345\" data-element_type=\"widget\" data-widget_type=\"heading.default\">\n\t\t\t\t<div class=\"elementor-widget-container\">\n\t\t\t<h3 class=\"elementor-heading-title elementor-size-default\">\u201cStiliniz ya\u015fay\u0131\u015f sah\u0259l\u0259riniz\u0259 d\u0259 \u0259ks olunsun.\u201d<\/h3>\t\t<\/div>\n\t\t\t\t<\/div>\n\t\t\t\t<div class=\"elementor-element elementor-element-1684c1aa elementor-widget elementor-widget-text-editor\" data-id=\"1684c1aa\" data-element_type=\"widget\" data-widget_type=\"text-editor.default\">\n\t\t\t\t<div class=\"elementor-widget-container\">\n\t\t\t\t\t\t\tWeymo Mebel; klassik stil mebell\u0259r, avangarde mebel dizaynlar\u0131 v\u0259 luxury mebel t\u0259tbiqi m\u0259hsullar\u0131yla h\u0259r c\u00fcr z\u00f6vq\u0259 uy\u011fun, prioriteti m\u00fc\u015ft\u0259ri raz\u0131l\u0131\u011f\u0131 olan k\u00f6kl\u00fc bir ya\u015fay\u0131\u015f sah\u0259l\u0259ri memarl\u0131\u011f\u0131 brendidir.\n<br><br>\n\u0130stanbul m\u0259rk\u0259zli \u201cWeymo Luxury\u201d davaml\u0131 t\u0259kmill\u0259\u015fdiril\u0259n v\u0259 d\u0259yi\u015f\u0259n mebel still\u0259rinin inteqrasiyas\u0131na uy\u011funla\u015fma\u011f\u0131 bacarm\u0131\u015f, \u00f6z\u00fcn\u00fc yeniliy\u0259 v\u0259 innovasiyaya fokuslam\u0131\u015fd\u0131r.\n<br><br>\nHalhaz\u0131rda \u00fc\u00e7\u00fcnc\u00fc n\u0259slin idar\u0259 etdiyi \u201cWeymo Luxury Mobilya\u201d ail\u0259si m\u00fc\u015ft\u0259ril\u0259rin\u0259 h\u0259r vaxt yax\u015f\u0131 xidm\u0259t g\u00f6st\u0259r\u0259 bilm\u0259k \u00fc\u00e7\u00fcn ilk g\u00fcnk\u00fc h\u0259y\u0259canla \u00e7al\u0131\u015fmalar\u0131n\u0131 davam etdirirl\u0259r.\n\u201cStiliniz ya\u015fay\u0131\u015f sah\u0259l\u0259riniz\u0259 d\u0259 \u0259ks olunsun.\u201d\n<br><br>\n\u201c\u00d6z\u00fcn\u00fc yenil\u0259y\u0259n v\u0259 g\u00f6r\u00fc\u015f sahibi olan cavan dizayn d\u0259st\u0259miz il\u0259 sizin \u00fc\u00e7\u00fcn m\u0259nzil deyil ev dizayn edirik\u201d devizimiz il\u0259 d\u0259yi\u015fm\u0259 prosesind\u0259ki ya\u015fay\u0131\u015f sah\u0259l\u0259rinin daha visual elementrl\u0259r da\u015f\u0131ya bilm\u0259si \u00fc\u00e7\u00fcn davaml\u0131 sektoru t\u0259qib edirik, q\u0259bul edil\u0259n t\u0259l\u0259bl\u0259rin b\u00fct\u00fcn still\u0259rini memarl\u0131q dizayn t\u0259qdimatlar\u0131na qazand\u0131ra bilirik.\n<br><br>\n\u201c\u00d6z\u00fcn\u0259m\u0259xsus memarl\u0131q dekorasiyas\u0131, x\u00fcsusi istehsal mebel v\u0259 aksessuar xidm\u0259tl\u0259rimizl\u0259 x\u0259yallar\u0131n\u0131z\u0131 h\u0259qiq\u0259t\u0259 \u00e7evirm\u0259kd\u0259n xo\u015fb\u0259xt oluruq\u201d prinsipimizin istiqam\u0259tind\u0259 2020-ci ild\u0259n etbar\u0259n \u00e7ox t\u0259l\u0259b edil\u0259n titanium \u00f6rt\u00fckl\u00fc c\u0259zbedici dizaynlar, t\u0259bii taxta yan\u0131nda yer alan par\u00e7alar, paslanmayanlar v\u0259 \u015f\u00fc\u015f\u0259 m\u0259hsullar\u0131 eyni modelin \u00fcst\u00fcnd\u0259 i\u015fl\u0259y\u0259 bilir v\u0259 bir ya\u015fay\u0131\u015f sah\u0259sind\u0259 \u00e7oxlu still\u0259ri \u0259ks etdirm\u0259yi bacar\u0131r\u0131q.\n<br><br>\nDizayn d\u0259st\u0259mizl\u0259 prioritetli olaraq m\u00fc\u015ft\u0259ril\u0259rimizin t\u0259l\u0259bl\u0259rini, v\u0259rdi\u015fl\u0259rini v\u0259 ya\u015fay\u0131\u015f still\u0259rini k\u0259\u015ff edir, daha sonra m\u0259kan\u0131n ruhu, qurulu\u015fu v\u0259 \u00f6l\u00e7\u00fcl\u0259rinin istiqam\u0259tind\u0259 \u00fc\u00e7 boyutlu r\u0259sml\u0259rl\u0259 layih\u0259l\u0259ndiririk.\n<br><br>\nLayih\u0259l\u0259ndirm\u0259 m\u0259rh\u0259l\u0259sinin sonunda etdiyimiz t\u0259qdimatlarda sizin t\u0259l\u0259bl\u0259rinizin istiqam\u0259tind\u0259 yenilikl\u0259r apar\u0131r v\u0259 diqq\u0259tli bir qaydada davam ed\u0259c\u0259yimiz istehsal m\u0259rh\u0259l\u0259sin\u0259 ke\u00e7irik.\n<br><br>\nLayih\u0259 t\u0259hvill\u0259rimizd\u0259 is\u0259 x\u0259yallar\u0131n\u0131z\u0131n h\u0259qiq\u0259t\u0259 \u00e7evrildiyini g\u00f6r\u00fcb xo\u015fb\u0259xtliyinizi b\u00f6l\u00fc\u015fm\u0259kd\u0259n keyf al\u0131r\u0131q.\n<br><br>\n\u0130stanbul ba\u015fda olmaq \u00fczr\u0259 T\u00fcrkiy\u0259 v\u0259 b\u00fct\u00fcn d\u00fcnyada ev, ofis, restoran v\u0259 otel layih\u0259l\u0259rinizd\u0259 d\u0259 m\u0259kana v\u0259 \u015f\u0259xs\u0259 m\u0259xsus h\u0259ll\u0259r t\u0259qdim edirik.\n<br><br>\n\u201cRahat, c\u0259zbedici v\u0259 yadda qalan m\u0259kanlar WEYMO LUXURY imzas\u0131n\u0131 da\u015f\u0131yar.\u201d\t\t\t\t\t\t<\/div>\n\t\t\t\t<\/div>\n\t\t\t\t\t<\/div>\n\t\t\t\t<\/div>\n\t\t\t\t<\/div>\n\t\t","protected":false},"excerpt":{"rendered":"<p>Haqq\u0131m\u0131zda \u201cStiliniz ya\u015fay\u0131\u015f sah\u0259l\u0259riniz\u0259 d\u0259 \u0259ks olunsun.\u201d Weymo Mebel; klassik stil mebell\u0259r, avangarde mebel dizaynlar\u0131 v\u0259 luxury mebel t\u0259tbiqi m\u0259hsullar\u0131yla h\u0259r c\u00fcr z\u00f6vq\u0259 uy\u011fun, prioriteti m\u00fc\u015ft\u0259ri raz\u0131l\u0131\u011f\u0131 olan k\u00f6kl\u00fc bir ya\u015fay\u0131\u015f sah\u0259l\u0259ri memarl\u0131\u011f\u0131 brendidir. \u0130stanbul m\u0259rk\u0259zli \u201cWeymo Luxury\u201d davaml\u0131 t\u0259kmill\u0259\u015fdiril\u0259n v\u0259 d\u0259yi\u015f\u0259n mebel still\u0259rinin inteqrasiyas\u0131na uy\u011funla\u015fma\u011f\u0131 bacarm\u0131\u015f, \u00f6z\u00fcn\u00fc yeniliy\u0259 v\u0259 innovasiyaya fokuslam\u0131\u015fd\u0131r. Halhaz\u0131rda \u00fc\u00e7\u00fcnc\u00fc n\u0259slin&hellip;<\/p>\n","protected":false},"author":1,"featured_media":0,"parent":0,"menu_order":0,"comment_status":"closed","ping_status":"closed","template":"","meta":{"footnotes":""},"class_list":["post-9275","page","type-page","status-publish","hentry"],"aioseo_notices":[],"_links":{"self":[{"href":"https:\/\/weymomobilya.com\/az\/wp-json\/wp\/v2\/pages\/9275","targetHints":{"allow":["GET"]}}],"collection":[{"href":"https:\/\/weymomobilya.com\/az\/wp-json\/wp\/v2\/pages"}],"about":[{"href":"https:\/\/weymomobilya.com\/az\/wp-json\/wp\/v2\/types\/page"}],"author":[{"embeddable":true,"href":"https:\/\/weymomobilya.com\/az\/wp-json\/wp\/v2\/users\/1"}],"replies":[{"embeddable":true,"href":"https:\/\/weymomobilya.com\/az\/wp-json\/wp\/v2\/comments?post=9275"}],"version-history":[{"count":0,"href":"https:\/\/weymomobilya.com\/az\/wp-json\/wp\/v2\/pages\/9275\/revisions"}],"wp:attachment":[{"href":"https:\/\/weymomobilya.com\/az\/wp-json\/wp\/v2\/media?parent=9275"}],"curies":[{"name":"wp","href":"https:\/\/api.w.org\/{rel}","templated":true}]}}