{"id":6605,"date":"2024-03-27T18:25:47","date_gmt":"2024-03-27T15:25:47","guid":{"rendered":"https:\/\/weymomobilya.com\/a-propos-de-nous\/"},"modified":"2024-04-24T11:40:52","modified_gmt":"2024-04-24T08:40:52","slug":"a-propos-de-nous","status":"publish","type":"page","link":"https:\/\/weymomobilya.com\/fr\/a-propos-de-nous\/","title":{"rendered":"\u00c0 propos de nous"},"content":{"rendered":"\t\t<div data-elementor-type=\"wp-page\" data-elementor-id=\"6605\" class=\"elementor elementor-6605 elementor-116\" data-elementor-post-type=\"page\">\n\t\t\t\t<div class=\"elementor-element elementor-element-edac447 e-flex e-con-boxed e-con e-parent\" data-id=\"edac447\" data-element_type=\"container\" data-settings=\"{&quot;background_background&quot;:&quot;classic&quot;}\">\n\t\t\t\t\t<div class=\"e-con-inner\">\n\t\t\t\t<div class=\"elementor-element elementor-element-d336372 elementor-widget elementor-widget-heading\" data-id=\"d336372\" data-element_type=\"widget\" data-widget_type=\"heading.default\">\n\t\t\t\t<div class=\"elementor-widget-container\">\n\t\t\t<h1 class=\"elementor-heading-title elementor-size-default\">\u00c0 propos de nous<\/h1>\t\t<\/div>\n\t\t\t\t<\/div>\n\t\t\t\t\t<\/div>\n\t\t\t\t<\/div>\n\t\t<div class=\"elementor-element elementor-element-31823ba8 e-flex e-con-boxed e-con e-parent\" data-id=\"31823ba8\" data-element_type=\"container\">\n\t\t\t\t\t<div class=\"e-con-inner\">\n\t\t\t\t<div class=\"elementor-element elementor-element-b972345 elementor-widget elementor-widget-heading\" data-id=\"b972345\" data-element_type=\"widget\" data-widget_type=\"heading.default\">\n\t\t\t\t<div class=\"elementor-widget-container\">\n\t\t\t<h3 class=\"elementor-heading-title elementor-size-default\">\u201cRefl\u00e9tez votre style dans votre espace de vie.\u201d<\/h3>\t\t<\/div>\n\t\t\t\t<\/div>\n\t\t\t\t<div class=\"elementor-element elementor-element-1684c1aa elementor-widget elementor-widget-text-editor\" data-id=\"1684c1aa\" data-element_type=\"widget\" data-widget_type=\"text-editor.default\">\n\t\t\t\t<div class=\"elementor-widget-container\">\n\t\t\t\t\t\t\tWEYMO est une marque largement connue et l\u2019une des plus grandes entreprises de meubles d\u2019Istanbul en Turquie, proposant des meubles de luxe dans un style classique et avant-gardiste, ainsi que des services de design d\u2019int\u00e9rieur cl\u00e9 en main.\n<br><br>\nLes salles d\u2019exposition WEYMO sont situ\u00e9es \u00e0 Istanbul dans le centre de meubles MASKO. La collection de meubles pr\u00e9sent\u00e9e refl\u00e8te toujours les derni\u00e8res tendances de l\u2019industrie, y compris toutes les innovations dans la production de meubles.\n<br><br>\nAujourd\u2019hui, l\u2019entreprise familiale WEYMO est g\u00e9r\u00e9e par une troisi\u00e8me g\u00e9n\u00e9ration de propri\u00e9taires et continue de fournir ses produits et services avec une qualit\u00e9 constante.\n<br><br>\n\u00ab Refl\u00e9tez votre style dans votre espace de vie. \u00bb\n<br><br>\nLors du d\u00e9veloppement de la conception d\u2019un espace de vie, nous cr\u00e9ons tout d\u2019abord le concept g\u00e9n\u00e9ral de votre maison, qui est un environnement o\u00f9 l\u2019harmonie du confort et de l\u2019esth\u00e9tique est atteinte. Nos designers professionnels suivent constamment les tendances de la d\u00e9coration int\u00e9rieure et d\u00e9veloppent des int\u00e9rieurs uniques et luxueux dans le monde entier.\n<br><br>\nNous sommes toujours pr\u00eats \u00e0 r\u00e9aliser vos r\u00eaves en d\u00e9veloppant un style unique pour votre espace de vie et en proposant la production de meubles exclusifs et d\u2019\u00e9l\u00e9ments d\u00e9coratifs sur commande. Donc, si vous cherchez de nouvelles id\u00e9es et de nouveaux styles pour votre int\u00e9rieur, WEYMO est ce que vous recherchez.\n<br><br>\nLors de la conception d\u2019un projet, notre \u00e9quipe de conception explore et consid\u00e8re tout d\u2019abord les besoins, les habitudes et le style de vie de nos clients pour cr\u00e9er un int\u00e9rieur qui soit pleinement coh\u00e9rent avec l\u2019objectif recherch\u00e9.\n<br><br>\nLa derni\u00e8re \u00e9tape du d\u00e9veloppement du design d\u2019int\u00e9rieur est la pr\u00e9sentation du projet au client et les modifications n\u00e9cessaires. Apr\u00e8s cette \u00e9tape, la phase de production commence.\n<br><br>\nLa soci\u00e9t\u00e9 WEYMO Luxury Furniture est un leader dans la conception d\u2019int\u00e9rieurs pour les villas, palais, h\u00f4tels, restaurants, bureaux et centres commerciaux. Gr\u00e2ce \u00e0 sa vaste exp\u00e9rience et sa cr\u00e9ativit\u00e9, WEYMO a mis en \u0153uvre avec succ\u00e8s de nombreux projets en Turquie et dans le monde.\n<br><br>\n\u00abLes int\u00e9rieurs confortables, \u00e9l\u00e9gants et m\u00e9morables ont la signature de WEYMO Luxury\u00bb.\t\t\t\t\t\t<\/div>\n\t\t\t\t<\/div>\n\t\t\t\t\t<\/div>\n\t\t\t\t<\/div>\n\t\t\t\t<\/div>\n\t\t","protected":false},"excerpt":{"rendered":"<p>\u00c0 propos de nous \u201cRefl\u00e9tez votre style dans votre espace de vie.\u201d WEYMO est une marque largement connue et l\u2019une des plus grandes entreprises de meubles d\u2019Istanbul en Turquie, proposant des meubles de luxe dans un style classique et avant-gardiste, ainsi que des services de design d\u2019int\u00e9rieur cl\u00e9 en main. Les salles d\u2019exposition WEYMO sont&hellip;<\/p>\n","protected":false},"author":1,"featured_media":0,"parent":0,"menu_order":0,"comment_status":"closed","ping_status":"closed","template":"","meta":{"footnotes":""},"class_list":["post-6605","page","type-page","status-publish","hentry"],"aioseo_notices":[],"_links":{"self":[{"href":"https:\/\/weymomobilya.com\/fr\/wp-json\/wp\/v2\/pages\/6605","targetHints":{"allow":["GET"]}}],"collection":[{"href":"https:\/\/weymomobilya.com\/fr\/wp-json\/wp\/v2\/pages"}],"about":[{"href":"https:\/\/weymomobilya.com\/fr\/wp-json\/wp\/v2\/types\/page"}],"author":[{"embeddable":true,"href":"https:\/\/weymomobilya.com\/fr\/wp-json\/wp\/v2\/users\/1"}],"replies":[{"embeddable":true,"href":"https:\/\/weymomobilya.com\/fr\/wp-json\/wp\/v2\/comments?post=6605"}],"version-history":[{"count":0,"href":"https:\/\/weymomobilya.com\/fr\/wp-json\/wp\/v2\/pages\/6605\/revisions"}],"wp:attachment":[{"href":"https:\/\/weymomobilya.com\/fr\/wp-json\/wp\/v2\/media?parent=6605"}],"curies":[{"name":"wp","href":"https:\/\/api.w.org\/{rel}","templated":true}]}}